{"id":245,"date":"2017-02-21T09:48:00","date_gmt":"2017-02-21T09:48:00","guid":{"rendered":"https:\/\/theresincorp.com\/about\/"},"modified":"2017-09-26T13:30:38","modified_gmt":"2017-09-26T17:30:38","slug":"about","status":"publish","type":"page","link":"https:\/\/theresincorp.com\/fr\/about\/","title":{"rendered":"\u00c0 propos de nous"},"content":{"rendered":"<div class=\"wpb-content-wrapper\"><p>[vc_row][vc_column][vc_column_text]<\/p>\n<h2>\u00c0 propos de nous<\/h2>\n<p>TRC a \u00e9t\u00e9 reconnu comme un fournisseur fiable de r\u00e9sines \u00e0 haute performance, fournissant \u00e0 nos clients satisfaction et valeur ajout\u00e9e \u00e0 leurs produits finis.<\/p>\n<p>TRC produit et distribue une large gamme de m\u00e9langes de r\u00e9sines formul\u00e9es en fusion sans COV, en plus de r\u00e9sines adh\u00e9sives s\u00e9ch\u00e9es et granul\u00e9es qui favorisent l&#8217;adh\u00e9rence dans les formulations adh\u00e9sives \u00e0 haute performance. Ces r\u00e9sines tackifiantes sont utilis\u00e9es comme interm\u00e9diaires de mati\u00e8res premi\u00e8res par une large gamme d&#8217;industries, y compris les adh\u00e9sifs, la peinture, les rev\u00eatements, l&#8217;encre et le caoutchouc.[\/vc_column_text][\/vc_column][\/vc_row][vc_row][vc_column width=&#8221;1\/3&#8243;][vc_single_image image=&#8221;218&#8243; img_size=&#8221;300&#215;300&#8243; style=&#8221;vc_box_circle_2&#8243;][vc_column_text]<\/p>\n<h2>Nos Produits<\/h2>\n<p>TRC fournit des r\u00e9sines et des adh\u00e9sifs \u00e0 nos clients partout en Am\u00e9rique du Nord.[\/vc_column_text][vc_btn title=&#8221;Apprendre encore plus&#8221; color=&#8221;primary&#8221; link=&#8221;url:https%3A%2F%2Ftheresincorp.com%2Ffr%2Four-resin-products%2F|||&#8221;][\/vc_column][vc_column width=&#8221;1\/3&#8243;][vc_single_image image=&#8221;115&#8243; img_size=&#8221;300&#215;300&#8243; style=&#8221;vc_box_circle_2&#8243;][vc_column_text]<\/p>\n<h2>Solutions pour l&#8217;industrie<\/h2>\n<p>TRC poss\u00e8de d&#8217;une large gamme de produits adapt\u00e9s \u00e0 de nombreuses applications industrielles et commerciales.[\/vc_column_text][vc_btn title=&#8221;Apprendre encore plus&#8221; color=&#8221;primary&#8221; link=&#8221;url:https%3A%2F%2Ftheresincorp.com%2Ffr%2Findustries%2F|||&#8221;][\/vc_column][vc_column width=&#8221;1\/3&#8243;][vc_single_image image=&#8221;119&#8243; img_size=&#8221;300&#215;300&#8243; style=&#8221;vc_box_circle_2&#8243;][vc_column_text]<\/p>\n<h2>Notre Site<\/h2>\n<p>Notre site, situ\u00e9 \u00e0 Burlington, en Ontario, est notre centre logistique pour les ventes, la distribution et le service aux clients.[\/vc_column_text][vc_btn title=&#8221;Apprendre encore plus&#8221; color=&#8221;primary&#8221; link=&#8221;url:https%3A%2F%2Ftheresincorp.com%2Ffr%2Fabout%2Fenvironmental-commitment%2F|||&#8221;][\/vc_column][\/vc_row]<\/p>\n<\/div>","protected":false},"excerpt":{"rendered":"<p>[vc_row][vc_column][vc_column_text] \u00c0 propos de nous TRC a \u00e9t\u00e9 reconnu comme un fournisseur fiable de r\u00e9sines \u00e0 haute performance, fournissant \u00e0 nos clients satisfaction et valeur&#8230;<\/p>\n","protected":false},"author":1,"featured_media":0,"parent":0,"menu_order":0,"comment_status":"open","ping_status":"open","template":"","meta":{"footnotes":""},"class_list":["post-245","page","type-page","status-publish","hentry"],"yoast_head":"<!-- This site is optimized with the Yoast SEO plugin v27.3 - https:\/\/yoast.com\/product\/yoast-seo-wordpress\/ -->\n<title>\u00c0 propos de nous - The Resin Corp.<\/title>\n<meta name=\"robots\" content=\"index, follow, max-snippet:-1, max-image-preview:large, max-video-preview:-1\" \/>\n<link rel=\"canonical\" href=\"https:\/\/theresincorp.com\/fr\/about\/\" \/>\n<meta property=\"og:locale\" content=\"fr_FR\" \/>\n<meta property=\"og:type\" content=\"article\" \/>\n<meta property=\"og:title\" content=\"\u00c0 propos de nous - The Resin Corp.\" \/>\n<meta property=\"og:description\" content=\"[vc_row][vc_column][vc_column_text] \u00c0 propos de nous TRC a \u00e9t\u00e9 reconnu comme un fournisseur fiable de r\u00e9sines \u00e0 haute performance, fournissant \u00e0 nos clients satisfaction et valeur...\" \/>\n<meta property=\"og:url\" content=\"https:\/\/theresincorp.com\/fr\/about\/\" \/>\n<meta property=\"og:site_name\" content=\"The Resin Corp.\" \/>\n<meta property=\"article:modified_time\" content=\"2017-09-26T17:30:38+00:00\" \/>\n<meta name=\"twitter:card\" content=\"summary_large_image\" \/>\n<meta name=\"twitter:label1\" content=\"Dur\u00e9e de lecture estim\u00e9e\" \/>\n\t<meta name=\"twitter:data1\" content=\"2 minutes\" \/>\n<script type=\"application\/ld+json\" class=\"yoast-schema-graph\">{\"@context\":\"https:\\\/\\\/schema.org\",\"@graph\":[{\"@type\":\"WebPage\",\"@id\":\"https:\\\/\\\/theresincorp.com\\\/fr\\\/about\\\/\",\"url\":\"https:\\\/\\\/theresincorp.com\\\/fr\\\/about\\\/\",\"name\":\"\u00c0 propos de nous - The Resin Corp.\",\"isPartOf\":{\"@id\":\"https:\\\/\\\/theresincorp.com\\\/#website\"},\"datePublished\":\"2017-02-21T09:48:00+00:00\",\"dateModified\":\"2017-09-26T17:30:38+00:00\",\"breadcrumb\":{\"@id\":\"https:\\\/\\\/theresincorp.com\\\/fr\\\/about\\\/#breadcrumb\"},\"inLanguage\":\"fr-FR\",\"potentialAction\":[{\"@type\":\"ReadAction\",\"target\":[\"https:\\\/\\\/theresincorp.com\\\/fr\\\/about\\\/\"]}]},{\"@type\":\"BreadcrumbList\",\"@id\":\"https:\\\/\\\/theresincorp.com\\\/fr\\\/about\\\/#breadcrumb\",\"itemListElement\":[{\"@type\":\"ListItem\",\"position\":1,\"name\":\"Home\",\"item\":\"https:\\\/\\\/theresincorp.com\\\/fr\\\/\"},{\"@type\":\"ListItem\",\"position\":2,\"name\":\"\u00c0 propos de nous\"}]},{\"@type\":\"WebSite\",\"@id\":\"https:\\\/\\\/theresincorp.com\\\/#website\",\"url\":\"https:\\\/\\\/theresincorp.com\\\/\",\"name\":\"The Resin Corp.\",\"description\":\"The Industrial Resins Source\",\"potentialAction\":[{\"@type\":\"SearchAction\",\"target\":{\"@type\":\"EntryPoint\",\"urlTemplate\":\"https:\\\/\\\/theresincorp.com\\\/?s={search_term_string}\"},\"query-input\":{\"@type\":\"PropertyValueSpecification\",\"valueRequired\":true,\"valueName\":\"search_term_string\"}}],\"inLanguage\":\"fr-FR\"}]}<\/script>\n<!-- \/ Yoast SEO plugin. -->","yoast_head_json":{"title":"\u00c0 propos de nous - The Resin Corp.","robots":{"index":"index","follow":"follow","max-snippet":"max-snippet:-1","max-image-preview":"max-image-preview:large","max-video-preview":"max-video-preview:-1"},"canonical":"https:\/\/theresincorp.com\/fr\/about\/","og_locale":"fr_FR","og_type":"article","og_title":"\u00c0 propos de nous - The Resin Corp.","og_description":"[vc_row][vc_column][vc_column_text] \u00c0 propos de nous TRC a \u00e9t\u00e9 reconnu comme un fournisseur fiable de r\u00e9sines \u00e0 haute performance, fournissant \u00e0 nos clients satisfaction et valeur...","og_url":"https:\/\/theresincorp.com\/fr\/about\/","og_site_name":"The Resin Corp.","article_modified_time":"2017-09-26T17:30:38+00:00","twitter_card":"summary_large_image","twitter_misc":{"Dur\u00e9e de lecture estim\u00e9e":"2 minutes"},"schema":{"@context":"https:\/\/schema.org","@graph":[{"@type":"WebPage","@id":"https:\/\/theresincorp.com\/fr\/about\/","url":"https:\/\/theresincorp.com\/fr\/about\/","name":"\u00c0 propos de nous - The Resin Corp.","isPartOf":{"@id":"https:\/\/theresincorp.com\/#website"},"datePublished":"2017-02-21T09:48:00+00:00","dateModified":"2017-09-26T17:30:38+00:00","breadcrumb":{"@id":"https:\/\/theresincorp.com\/fr\/about\/#breadcrumb"},"inLanguage":"fr-FR","potentialAction":[{"@type":"ReadAction","target":["https:\/\/theresincorp.com\/fr\/about\/"]}]},{"@type":"BreadcrumbList","@id":"https:\/\/theresincorp.com\/fr\/about\/#breadcrumb","itemListElement":[{"@type":"ListItem","position":1,"name":"Home","item":"https:\/\/theresincorp.com\/fr\/"},{"@type":"ListItem","position":2,"name":"\u00c0 propos de nous"}]},{"@type":"WebSite","@id":"https:\/\/theresincorp.com\/#website","url":"https:\/\/theresincorp.com\/","name":"The Resin Corp.","description":"The Industrial Resins Source","potentialAction":[{"@type":"SearchAction","target":{"@type":"EntryPoint","urlTemplate":"https:\/\/theresincorp.com\/?s={search_term_string}"},"query-input":{"@type":"PropertyValueSpecification","valueRequired":true,"valueName":"search_term_string"}}],"inLanguage":"fr-FR"}]}},"_links":{"self":[{"href":"https:\/\/theresincorp.com\/fr\/wp-json\/wp\/v2\/pages\/245","targetHints":{"allow":["GET"]}}],"collection":[{"href":"https:\/\/theresincorp.com\/fr\/wp-json\/wp\/v2\/pages"}],"about":[{"href":"https:\/\/theresincorp.com\/fr\/wp-json\/wp\/v2\/types\/page"}],"author":[{"embeddable":true,"href":"https:\/\/theresincorp.com\/fr\/wp-json\/wp\/v2\/users\/1"}],"replies":[{"embeddable":true,"href":"https:\/\/theresincorp.com\/fr\/wp-json\/wp\/v2\/comments?post=245"}],"version-history":[{"count":0,"href":"https:\/\/theresincorp.com\/fr\/wp-json\/wp\/v2\/pages\/245\/revisions"}],"wp:attachment":[{"href":"https:\/\/theresincorp.com\/fr\/wp-json\/wp\/v2\/media?parent=245"}],"curies":[{"name":"wp","href":"https:\/\/api.w.org\/{rel}","templated":true}]}}