{"id":246,"date":"2017-08-17T14:22:46","date_gmt":"2017-08-17T14:22:46","guid":{"rendered":"https:\/\/theresincorp.com\/about\/research-development\/"},"modified":"2017-09-20T12:32:28","modified_gmt":"2017-09-20T16:32:28","slug":"research-development","status":"publish","type":"page","link":"https:\/\/theresincorp.com\/fr\/about\/research-development\/","title":{"rendered":"Recherche &#038; D\u00e9veloppement"},"content":{"rendered":"<div class=\"wpb-content-wrapper\"><p>[vc_row][vc_column width=&#8221;2\/3&#8243;][vc_column_text]<\/p>\n<h2>Recherche &amp; D\u00e9veloppement<\/h2>\n<p>Chez TRC, notre objectif est le d\u00e9veloppement de produits innovateurs et personnalis\u00e9s \u00e0 valeur ajout\u00e9e. Le d\u00e9veloppement d\u2019applications est essentiel pour notre capacit\u00e9 \u00e0 cr\u00e9er des produits \u00e0 valeur ajout\u00e9e qui r\u00e9pondent aux d\u00e9fis et exigences de performance, qui permettent de distinguer les produits de nos clients sur le march\u00e9 et au sein de leurs secteurs respectifs.[\/vc_column_text][\/vc_column][vc_column width=&#8221;1\/3&#8243;][vc_single_image image=&#8221;232&#8243; img_size=&#8221;large&#8221; style=&#8221;vc_box_circle_2&#8243; css_animation=&#8221;bounceInDown&#8221;][\/vc_column][\/vc_row]<\/p>\n<\/div>","protected":false},"excerpt":{"rendered":"<p>[vc_row][vc_column width=&#8221;2\/3&#8243;][vc_column_text] Recherche &amp; D\u00e9veloppement Chez TRC, notre objectif est le d\u00e9veloppement de produits innovateurs et personnalis\u00e9s \u00e0 valeur ajout\u00e9e. Le d\u00e9veloppement d\u2019applications est essentiel&#8230;<\/p>\n","protected":false},"author":1,"featured_media":0,"parent":245,"menu_order":0,"comment_status":"closed","ping_status":"closed","template":"","meta":{"footnotes":""},"class_list":["post-246","page","type-page","status-publish","hentry"],"yoast_head":"<!-- This site is optimized with the Yoast SEO plugin v27.1.1 - https:\/\/yoast.com\/product\/yoast-seo-wordpress\/ -->\n<title>Recherche &amp; D\u00e9veloppement - The Resin Corp.<\/title>\n<meta name=\"robots\" content=\"index, follow, max-snippet:-1, max-image-preview:large, max-video-preview:-1\" \/>\n<link rel=\"canonical\" href=\"https:\/\/theresincorp.com\/fr\/about\/research-development\/\" \/>\n<meta property=\"og:locale\" content=\"fr_FR\" \/>\n<meta property=\"og:type\" content=\"article\" \/>\n<meta property=\"og:title\" content=\"Recherche &amp; D\u00e9veloppement - The Resin Corp.\" \/>\n<meta property=\"og:description\" content=\"[vc_row][vc_column width=&#8221;2\/3&#8243;][vc_column_text] Recherche &amp; D\u00e9veloppement Chez TRC, notre objectif est le d\u00e9veloppement de produits innovateurs et personnalis\u00e9s \u00e0 valeur ajout\u00e9e. Le d\u00e9veloppement d\u2019applications est essentiel...\" \/>\n<meta property=\"og:url\" content=\"https:\/\/theresincorp.com\/fr\/about\/research-development\/\" \/>\n<meta property=\"og:site_name\" content=\"The Resin Corp.\" \/>\n<meta property=\"article:modified_time\" content=\"2017-09-20T16:32:28+00:00\" \/>\n<meta name=\"twitter:card\" content=\"summary_large_image\" \/>\n<meta name=\"twitter:label1\" content=\"Dur\u00e9e de lecture estim\u00e9e\" \/>\n\t<meta name=\"twitter:data1\" content=\"1 minute\" \/>\n<script type=\"application\/ld+json\" class=\"yoast-schema-graph\">{\"@context\":\"https:\/\/schema.org\",\"@graph\":[{\"@type\":\"WebPage\",\"@id\":\"https:\/\/theresincorp.com\/fr\/about\/research-development\/\",\"url\":\"https:\/\/theresincorp.com\/fr\/about\/research-development\/\",\"name\":\"Recherche & D\u00e9veloppement - The Resin Corp.\",\"isPartOf\":{\"@id\":\"https:\/\/theresincorp.com\/#website\"},\"datePublished\":\"2017-08-17T14:22:46+00:00\",\"dateModified\":\"2017-09-20T16:32:28+00:00\",\"breadcrumb\":{\"@id\":\"https:\/\/theresincorp.com\/fr\/about\/research-development\/#breadcrumb\"},\"inLanguage\":\"fr-FR\",\"potentialAction\":[{\"@type\":\"ReadAction\",\"target\":[\"https:\/\/theresincorp.com\/fr\/about\/research-development\/\"]}]},{\"@type\":\"BreadcrumbList\",\"@id\":\"https:\/\/theresincorp.com\/fr\/about\/research-development\/#breadcrumb\",\"itemListElement\":[{\"@type\":\"ListItem\",\"position\":1,\"name\":\"Home\",\"item\":\"https:\/\/theresincorp.com\/fr\/\"},{\"@type\":\"ListItem\",\"position\":2,\"name\":\"\u00c0 propos de nous\",\"item\":\"https:\/\/theresincorp.com\/fr\/about\/\"},{\"@type\":\"ListItem\",\"position\":3,\"name\":\"Recherche &#038; D\u00e9veloppement\"}]},{\"@type\":\"WebSite\",\"@id\":\"https:\/\/theresincorp.com\/#website\",\"url\":\"https:\/\/theresincorp.com\/\",\"name\":\"The Resin Corp.\",\"description\":\"The Industrial Resins Source\",\"potentialAction\":[{\"@type\":\"SearchAction\",\"target\":{\"@type\":\"EntryPoint\",\"urlTemplate\":\"https:\/\/theresincorp.com\/?s={search_term_string}\"},\"query-input\":{\"@type\":\"PropertyValueSpecification\",\"valueRequired\":true,\"valueName\":\"search_term_string\"}}],\"inLanguage\":\"fr-FR\"}]}<\/script>\n<!-- \/ Yoast SEO plugin. -->","yoast_head_json":{"title":"Recherche & D\u00e9veloppement - The Resin Corp.","robots":{"index":"index","follow":"follow","max-snippet":"max-snippet:-1","max-image-preview":"max-image-preview:large","max-video-preview":"max-video-preview:-1"},"canonical":"https:\/\/theresincorp.com\/fr\/about\/research-development\/","og_locale":"fr_FR","og_type":"article","og_title":"Recherche & D\u00e9veloppement - The Resin Corp.","og_description":"[vc_row][vc_column width=&#8221;2\/3&#8243;][vc_column_text] Recherche &amp; D\u00e9veloppement Chez TRC, notre objectif est le d\u00e9veloppement de produits innovateurs et personnalis\u00e9s \u00e0 valeur ajout\u00e9e. Le d\u00e9veloppement d\u2019applications est essentiel...","og_url":"https:\/\/theresincorp.com\/fr\/about\/research-development\/","og_site_name":"The Resin Corp.","article_modified_time":"2017-09-20T16:32:28+00:00","twitter_card":"summary_large_image","twitter_misc":{"Dur\u00e9e de lecture estim\u00e9e":"1 minute"},"schema":{"@context":"https:\/\/schema.org","@graph":[{"@type":"WebPage","@id":"https:\/\/theresincorp.com\/fr\/about\/research-development\/","url":"https:\/\/theresincorp.com\/fr\/about\/research-development\/","name":"Recherche & D\u00e9veloppement - The Resin Corp.","isPartOf":{"@id":"https:\/\/theresincorp.com\/#website"},"datePublished":"2017-08-17T14:22:46+00:00","dateModified":"2017-09-20T16:32:28+00:00","breadcrumb":{"@id":"https:\/\/theresincorp.com\/fr\/about\/research-development\/#breadcrumb"},"inLanguage":"fr-FR","potentialAction":[{"@type":"ReadAction","target":["https:\/\/theresincorp.com\/fr\/about\/research-development\/"]}]},{"@type":"BreadcrumbList","@id":"https:\/\/theresincorp.com\/fr\/about\/research-development\/#breadcrumb","itemListElement":[{"@type":"ListItem","position":1,"name":"Home","item":"https:\/\/theresincorp.com\/fr\/"},{"@type":"ListItem","position":2,"name":"\u00c0 propos de nous","item":"https:\/\/theresincorp.com\/fr\/about\/"},{"@type":"ListItem","position":3,"name":"Recherche &#038; D\u00e9veloppement"}]},{"@type":"WebSite","@id":"https:\/\/theresincorp.com\/#website","url":"https:\/\/theresincorp.com\/","name":"The Resin Corp.","description":"The Industrial Resins Source","potentialAction":[{"@type":"SearchAction","target":{"@type":"EntryPoint","urlTemplate":"https:\/\/theresincorp.com\/?s={search_term_string}"},"query-input":{"@type":"PropertyValueSpecification","valueRequired":true,"valueName":"search_term_string"}}],"inLanguage":"fr-FR"}]}},"_links":{"self":[{"href":"https:\/\/theresincorp.com\/fr\/wp-json\/wp\/v2\/pages\/246","targetHints":{"allow":["GET"]}}],"collection":[{"href":"https:\/\/theresincorp.com\/fr\/wp-json\/wp\/v2\/pages"}],"about":[{"href":"https:\/\/theresincorp.com\/fr\/wp-json\/wp\/v2\/types\/page"}],"author":[{"embeddable":true,"href":"https:\/\/theresincorp.com\/fr\/wp-json\/wp\/v2\/users\/1"}],"replies":[{"embeddable":true,"href":"https:\/\/theresincorp.com\/fr\/wp-json\/wp\/v2\/comments?post=246"}],"version-history":[{"count":0,"href":"https:\/\/theresincorp.com\/fr\/wp-json\/wp\/v2\/pages\/246\/revisions"}],"up":[{"embeddable":true,"href":"https:\/\/theresincorp.com\/fr\/wp-json\/wp\/v2\/pages\/245"}],"wp:attachment":[{"href":"https:\/\/theresincorp.com\/fr\/wp-json\/wp\/v2\/media?parent=246"}],"curies":[{"name":"wp","href":"https:\/\/api.w.org\/{rel}","templated":true}]}}