{"id":259,"date":"2017-08-17T14:21:54","date_gmt":"2017-08-17T14:21:54","guid":{"rendered":"https:\/\/theresincorp.com\/industries\/"},"modified":"2017-09-20T13:13:59","modified_gmt":"2017-09-20T17:13:59","slug":"industries","status":"publish","type":"page","link":"https:\/\/theresincorp.com\/fr\/industries\/","title":{"rendered":"Industries"},"content":{"rendered":"<div class=\"wpb-content-wrapper\"><p>[vc_row css_animation=&#8221;fadeIn&#8221;][vc_column width=&#8221;1\/3&#8243;][vc_single_image image=&#8221;195&#8243; img_size=&#8221;full&#8221;][\/vc_column][vc_column width=&#8221;1\/3&#8243;][vc_column_text]<\/p>\n<h2>Adh\u00e9sifs de Plancher<\/h2>\n<p>Les r\u00e9sines sont utilis\u00e9es dans des adh\u00e9sifs de rev\u00eatement de sol (tapis, sous-tapis, tuile, r\u00e9silient, vinyle \u2013 feuille et tuile CPV (polychlorure de vinyle), li\u00e8ge, linol\u00e9um, caoutchouc et bois) pour rendre des polym\u00e8res du caoutchouc (typiquement de SBR (caoutchouc butadi\u00e8ne styrene), SBR-C (caoutchouc de butadi\u00e8ne styr\u00e8ne carboxyl\u00e9)) collants. Les r\u00e9sines permettent aux formulateurs d\u2019adh\u00e9sifs de cr\u00e9er des adh\u00e9sifs qui fournissent et pr\u00e9sentent les caract\u00e9ristiques n\u00e9cessaires tels que solidit\u00e9 de lien tenace, un tirant humide rapide, liaisons fortes permanentes, adh\u00e9rence am\u00e9lior\u00e9e et r\u00e9sistance au d\u00e9chirement.[\/vc_column_text][\/vc_column][vc_column width=&#8221;1\/3&#8243;][vc_single_image image=&#8221;140&#8243; img_size=&#8221;full&#8221;][\/vc_column][\/vc_row][vc_row css_animation=&#8221;fadeIn&#8221;][vc_column width=&#8221;1\/3&#8243;][vc_column_text]<\/p>\n<h2>REV\u00caTEMENTS<\/h2>\n<p>Comme modificateurs de surface couramment utilis\u00e9s en rev\u00eatement de ma\u00e7onnerie, b\u00e9ton enduit, rev\u00eatement \u00e9lastom\u00e8re, rev\u00eatement de toit liquide, modification de mortier et autres b\u00e2timent et produits de rev\u00eatement de construction, les solutions de r\u00e9sine peuvent offrir une valeur pour les fabricants de rev\u00eatements, les architectes, les constructeurs et les propri\u00e9taires d\u2019immeubles. Les modificateurs de surface \u00e0 base de r\u00e9sine peuvent ajouter, embellir et am\u00e9liorer l\u2019efficacit\u00e9 et le rendement de production de rev\u00eatement et renforcer une gamme vari\u00e9e de surfaces int\u00e9rieures et ext\u00e9rieures.[\/vc_column_text][\/vc_column][vc_column width=&#8221;1\/3&#8243;][vc_single_image image=&#8221;154&#8243; img_size=&#8221;full&#8221;][\/vc_column][vc_column width=&#8221;1\/3&#8243;][vc_column_text]<\/p>\n<h2>Adh\u00e9sifs Thermofusibles EVA<\/h2>\n<p>Les colles thermofusibles facilitent les processus de collage rapide et ont \u00e9t\u00e9 adopt\u00e9es pour un \u00e9ventail d\u2019op\u00e9rations d\u2019assemblage, rempla\u00e7ant les syst\u00e8mes solvant\u00e9s ou latex adh\u00e9sifs et fixations m\u00e9caniques. Les r\u00e9sines tackifiantes servent \u00e0 modifier EVA (\u00e9thyl\u00e8ne-ac\u00e9tate de vinyle), SIS (styr\u00e8ne-isopr\u00e8ne-styr\u00e8ne) &amp; SBS HMAs (adh\u00e9sif thermofusible styr\u00e8ne-butadi\u00e8ne-styr\u00e8ne) pour fournir une adh\u00e9sion agressive, l\u2019adh\u00e9rence au pelage et de contr\u00f4ler le mouillage. Les r\u00e9sines comprennent des types couramment employ\u00e9s dans cette industrie incluent colophane, colophane hydrog\u00e9n\u00e9e, ester de colophane, C5 et C5 modifi\u00e9 au styr\u00e8ne, C9 et hydrocarbures hydrog\u00e9n\u00e9s.[\/vc_column_text][\/vc_column][\/vc_row][vc_row css_animation=&#8221;fadeIn&#8221;][vc_column width=&#8221;1\/3&#8243;][vc_single_image image=&#8221;143&#8243; img_size=&#8221;full&#8221;][\/vc_column][vc_column width=&#8221;1\/3&#8243;][vc_column_text]<\/p>\n<h2>Adh\u00e9sifs Sensibles a la Pression<\/h2>\n<p>Les \u00e9tiquettes et rubans adh\u00e9sifs sensibles \u00e0 la pression sont devenus une partie importante de la vie quotidienne. Ceux-ci s\u2019appuient sur un mat\u00e9riel adh\u00e9sif appliqu\u00e9 \u00e0 un support comme le papier ou de film plastique. Les r\u00e9sines tackifiantes sont utilis\u00e9es ici pour produire un collant permanent avec lien d\u2019adh\u00e9rence \u00e0 temp\u00e9rature ambiante, et r\u00e9sistant \u00e0 l\u2019humidit\u00e9.[\/vc_column_text][\/vc_column][vc_column width=&#8221;1\/3&#8243;][vc_single_image image=&#8221;145&#8243; img_size=&#8221;full&#8221;][\/vc_column][\/vc_row][vc_row css_animation=&#8221;fadeIn&#8221;][vc_column width=&#8221;1\/3&#8243;][vc_column_text]<\/p>\n<h2>Adh\u00e9sifs de Construction<\/h2>\n<p>Les r\u00e9sines sont utilis\u00e9es dans les formulations pour les adh\u00e9sifs de construction qui comprend le mastic de qualit\u00e9 commerciale, solutions d\u2019adh\u00e9sifs et d\u2019\u00e9tanch\u00e9it\u00e9 et autres produits adh\u00e9sifs de construction polyvalente et bricolage. Les chimies de r\u00e9sine peuvent offrir une facilit\u00e9 de dispenser, adh\u00e9rence \u00e0 une large gamme de substrats, durabilit\u00e9 int\u00e9rieure et ext\u00e9rieure et des possibilit\u00e9s de r\u00e9duire les COV.[\/vc_column_text][\/vc_column][vc_column width=&#8221;1\/3&#8243;][vc_single_image image=&#8221;147&#8243; img_size=&#8221;full&#8221;][\/vc_column][vc_column width=&#8221;1\/3&#8243;][vc_column_text]<\/p>\n<h2>Mastics et produits d&#8217;\u00e9tanch\u00e9it\u00e9<\/h2>\n<p>Les r\u00e9sines sont utilis\u00e9es dans les formulations pour les solutions de calfeutrage, adh\u00e9sifs et de scellant de qualit\u00e9 commerciale et autres usages multiples et produits adh\u00e9sifs de construction ou bricolage pour am\u00e9liorer leur adh\u00e9rence sur les surfaces dont l\u2019adh\u00e9rence peut \u00eatre difficile.[\/vc_column_text][\/vc_column][\/vc_row][vc_row css_animation=&#8221;fadeIn&#8221;][vc_column width=&#8221;1\/3&#8243;][vc_single_image image=&#8221;150&#8243; img_size=&#8221;full&#8221;][\/vc_column][vc_column width=&#8221;1\/3&#8243;][vc_column_text]<\/p>\n<h2>Encres<\/h2>\n<p>Les r\u00e9sines sont des \u00e9l\u00e9ments essentiels du processus de fabrication d\u2019encre, car elles fournissent des propri\u00e9t\u00e9s cl\u00e9s \u00e0 l\u2019encre final. Elles sont une des trois principales composantes d\u2019une encre : r\u00e9sine, pigments et solvant. Les r\u00e9sines dispersent les pigments et emp\u00eachent une r\u00e9-agglom\u00e9ration. Elle agit comme un liant de pigment pour fournir l\u2019adh\u00e9rence \u00e0 un substrat. Elle offre des caract\u00e9ristiques d\u2019\u00e9coulement qui est une exigence pour le transfert de l\u2019encre de presse au substrat, et elle contribue au lustre, \u00e0 la vitesse de s\u00e9chage et des propri\u00e9t\u00e9s de r\u00e9sistance de l\u2019encre. Le type de r\u00e9sine utilis\u00e9e varie selon le type d\u2019encre qui est en cours de fabrication.[\/vc_column_text][\/vc_column][vc_column width=&#8221;1\/3&#8243;][vc_single_image image=&#8221;152&#8243; img_size=&#8221;full&#8221;][\/vc_column][\/vc_row][vc_row][vc_column][vc_column_text]<\/p>\n<h2>Contactez-nous !<\/h2>\n<p>Contactez-nous pour plus d\u2019informations sur l\u2019utilisation des r\u00e9sines dans votre secteur d\u2019activit\u00e9 et des r\u00e9sines qui fonctionnent le mieux \u00e0 votre application sp\u00e9cifique.[\/vc_column_text][vc_btn title=&#8221;Contactez-nous !&#8221; color=&#8221;primary&#8221; link=&#8221;url:https%3A%2F%2Ftheresincorp.com%2Fcontact%2F%3Flang%3Dfr|&#8221;][\/vc_column][\/vc_row]<\/p>\n<\/div>","protected":false},"excerpt":{"rendered":"<p>[vc_row css_animation=&#8221;fadeIn&#8221;][vc_column width=&#8221;1\/3&#8243;][vc_single_image image=&#8221;195&#8243; img_size=&#8221;full&#8221;][\/vc_column][vc_column width=&#8221;1\/3&#8243;][vc_column_text] Adh\u00e9sifs de Plancher Les r\u00e9sines sont utilis\u00e9es dans des adh\u00e9sifs de rev\u00eatement de sol (tapis, sous-tapis, tuile, r\u00e9silient, vinyle&#8230;<\/p>\n","protected":false},"author":1,"featured_media":0,"parent":0,"menu_order":0,"comment_status":"closed","ping_status":"closed","template":"","meta":{"footnotes":""},"class_list":["post-259","page","type-page","status-publish","hentry"],"yoast_head":"<!-- This site is optimized with the Yoast SEO plugin v27.3 - https:\/\/yoast.com\/product\/yoast-seo-wordpress\/ -->\n<title>Industries - The Resin Corp.<\/title>\n<meta name=\"robots\" content=\"index, follow, max-snippet:-1, max-image-preview:large, max-video-preview:-1\" \/>\n<link rel=\"canonical\" href=\"https:\/\/theresincorp.com\/fr\/industries\/\" \/>\n<meta property=\"og:locale\" content=\"fr_FR\" \/>\n<meta property=\"og:type\" content=\"article\" \/>\n<meta property=\"og:title\" content=\"Industries - The Resin Corp.\" \/>\n<meta property=\"og:description\" content=\"[vc_row css_animation=&#8221;fadeIn&#8221;][vc_column width=&#8221;1\/3&#8243;][vc_single_image image=&#8221;195&#8243; img_size=&#8221;full&#8221;][\/vc_column][vc_column width=&#8221;1\/3&#8243;][vc_column_text] Adh\u00e9sifs de Plancher Les r\u00e9sines sont utilis\u00e9es dans des adh\u00e9sifs de rev\u00eatement de sol (tapis, sous-tapis, tuile, r\u00e9silient, vinyle...\" \/>\n<meta property=\"og:url\" content=\"https:\/\/theresincorp.com\/fr\/industries\/\" \/>\n<meta property=\"og:site_name\" content=\"The Resin Corp.\" \/>\n<meta property=\"article:modified_time\" content=\"2017-09-20T17:13:59+00:00\" \/>\n<meta name=\"twitter:card\" content=\"summary_large_image\" \/>\n<meta name=\"twitter:label1\" content=\"Dur\u00e9e de lecture estim\u00e9e\" \/>\n\t<meta name=\"twitter:data1\" content=\"5 minutes\" \/>\n<script type=\"application\/ld+json\" class=\"yoast-schema-graph\">{\"@context\":\"https:\\\/\\\/schema.org\",\"@graph\":[{\"@type\":\"WebPage\",\"@id\":\"https:\\\/\\\/theresincorp.com\\\/fr\\\/industries\\\/\",\"url\":\"https:\\\/\\\/theresincorp.com\\\/fr\\\/industries\\\/\",\"name\":\"Industries - The Resin Corp.\",\"isPartOf\":{\"@id\":\"https:\\\/\\\/theresincorp.com\\\/#website\"},\"datePublished\":\"2017-08-17T14:21:54+00:00\",\"dateModified\":\"2017-09-20T17:13:59+00:00\",\"breadcrumb\":{\"@id\":\"https:\\\/\\\/theresincorp.com\\\/fr\\\/industries\\\/#breadcrumb\"},\"inLanguage\":\"fr-FR\",\"potentialAction\":[{\"@type\":\"ReadAction\",\"target\":[\"https:\\\/\\\/theresincorp.com\\\/fr\\\/industries\\\/\"]}]},{\"@type\":\"BreadcrumbList\",\"@id\":\"https:\\\/\\\/theresincorp.com\\\/fr\\\/industries\\\/#breadcrumb\",\"itemListElement\":[{\"@type\":\"ListItem\",\"position\":1,\"name\":\"Home\",\"item\":\"https:\\\/\\\/theresincorp.com\\\/fr\\\/\"},{\"@type\":\"ListItem\",\"position\":2,\"name\":\"Industries\"}]},{\"@type\":\"WebSite\",\"@id\":\"https:\\\/\\\/theresincorp.com\\\/#website\",\"url\":\"https:\\\/\\\/theresincorp.com\\\/\",\"name\":\"The Resin Corp.\",\"description\":\"The Industrial Resins Source\",\"potentialAction\":[{\"@type\":\"SearchAction\",\"target\":{\"@type\":\"EntryPoint\",\"urlTemplate\":\"https:\\\/\\\/theresincorp.com\\\/?s={search_term_string}\"},\"query-input\":{\"@type\":\"PropertyValueSpecification\",\"valueRequired\":true,\"valueName\":\"search_term_string\"}}],\"inLanguage\":\"fr-FR\"}]}<\/script>\n<!-- \/ Yoast SEO plugin. -->","yoast_head_json":{"title":"Industries - The Resin Corp.","robots":{"index":"index","follow":"follow","max-snippet":"max-snippet:-1","max-image-preview":"max-image-preview:large","max-video-preview":"max-video-preview:-1"},"canonical":"https:\/\/theresincorp.com\/fr\/industries\/","og_locale":"fr_FR","og_type":"article","og_title":"Industries - The Resin Corp.","og_description":"[vc_row css_animation=&#8221;fadeIn&#8221;][vc_column width=&#8221;1\/3&#8243;][vc_single_image image=&#8221;195&#8243; img_size=&#8221;full&#8221;][\/vc_column][vc_column width=&#8221;1\/3&#8243;][vc_column_text] Adh\u00e9sifs de Plancher Les r\u00e9sines sont utilis\u00e9es dans des adh\u00e9sifs de rev\u00eatement de sol (tapis, sous-tapis, tuile, r\u00e9silient, vinyle...","og_url":"https:\/\/theresincorp.com\/fr\/industries\/","og_site_name":"The Resin Corp.","article_modified_time":"2017-09-20T17:13:59+00:00","twitter_card":"summary_large_image","twitter_misc":{"Dur\u00e9e de lecture estim\u00e9e":"5 minutes"},"schema":{"@context":"https:\/\/schema.org","@graph":[{"@type":"WebPage","@id":"https:\/\/theresincorp.com\/fr\/industries\/","url":"https:\/\/theresincorp.com\/fr\/industries\/","name":"Industries - The Resin Corp.","isPartOf":{"@id":"https:\/\/theresincorp.com\/#website"},"datePublished":"2017-08-17T14:21:54+00:00","dateModified":"2017-09-20T17:13:59+00:00","breadcrumb":{"@id":"https:\/\/theresincorp.com\/fr\/industries\/#breadcrumb"},"inLanguage":"fr-FR","potentialAction":[{"@type":"ReadAction","target":["https:\/\/theresincorp.com\/fr\/industries\/"]}]},{"@type":"BreadcrumbList","@id":"https:\/\/theresincorp.com\/fr\/industries\/#breadcrumb","itemListElement":[{"@type":"ListItem","position":1,"name":"Home","item":"https:\/\/theresincorp.com\/fr\/"},{"@type":"ListItem","position":2,"name":"Industries"}]},{"@type":"WebSite","@id":"https:\/\/theresincorp.com\/#website","url":"https:\/\/theresincorp.com\/","name":"The Resin Corp.","description":"The Industrial Resins Source","potentialAction":[{"@type":"SearchAction","target":{"@type":"EntryPoint","urlTemplate":"https:\/\/theresincorp.com\/?s={search_term_string}"},"query-input":{"@type":"PropertyValueSpecification","valueRequired":true,"valueName":"search_term_string"}}],"inLanguage":"fr-FR"}]}},"_links":{"self":[{"href":"https:\/\/theresincorp.com\/fr\/wp-json\/wp\/v2\/pages\/259","targetHints":{"allow":["GET"]}}],"collection":[{"href":"https:\/\/theresincorp.com\/fr\/wp-json\/wp\/v2\/pages"}],"about":[{"href":"https:\/\/theresincorp.com\/fr\/wp-json\/wp\/v2\/types\/page"}],"author":[{"embeddable":true,"href":"https:\/\/theresincorp.com\/fr\/wp-json\/wp\/v2\/users\/1"}],"replies":[{"embeddable":true,"href":"https:\/\/theresincorp.com\/fr\/wp-json\/wp\/v2\/comments?post=259"}],"version-history":[{"count":0,"href":"https:\/\/theresincorp.com\/fr\/wp-json\/wp\/v2\/pages\/259\/revisions"}],"wp:attachment":[{"href":"https:\/\/theresincorp.com\/fr\/wp-json\/wp\/v2\/media?parent=259"}],"curies":[{"name":"wp","href":"https:\/\/api.w.org\/{rel}","templated":true}]}}