{"id":273,"date":"2017-08-17T14:21:40","date_gmt":"2017-08-17T14:21:40","guid":{"rendered":"https:\/\/theresincorp.com\/our-resin-products\/"},"modified":"2018-05-23T09:54:29","modified_gmt":"2018-05-23T13:54:29","slug":"our-resin-products","status":"publish","type":"page","link":"https:\/\/theresincorp.com\/fr\/our-resin-products\/","title":{"rendered":"Our Resin Products"},"content":{"rendered":"<div class=\"wpb-content-wrapper\"><p>[vc_row][vc_column][vc_gallery type=&#8221;carousel&#8221; images=&#8221;385,383,381,379,377,375,373,371&#8243; img_size=&#8221;300&#215;300&#8243;][\/vc_column][\/vc_row][vc_row][vc_column width=&#8221;2\/3&#8243;][vc_column_text]<\/p>\n<h4>FORMUL\u00c9 SUR MESURE<\/h4>\n<p>TRC propose une gamme de tackifiants liquides formul\u00e9s sur mesures sans COV. Nous formulons sur mesure de nombreux produits sp\u00e9cifiquement pour vos besoins et votre application. Contactez-nous aujourd&#8217;hui pour plus d&#8217;informations.<\/p>\n<h4>R\u00c9SINE D&#8217;HYDROCARBURE AROMATIQUE C9<\/h4>\n<p>Ce sont des r\u00e9sines thermoplastiques, obtenues \u00e0 partir de la polym\u00e9risation de mati\u00e8res premi\u00e8res aromatiques insatur\u00e9es. Il s&#8217;agit de r\u00e9sines de teinte claires au jaune, solubles dans la plupart des solvants aromatiques et aliphatiques, et offrent une excellente compatibilit\u00e9 avec une large gamme de polym\u00e8res et de co-r\u00e9sines. Les applications communes incluent les adh\u00e9sifs, les peintures, les vernis, les encres d&#8217;impression et les composites de caoutchouc.<\/p>\n<h4>R\u00c9SINE D&#8217;HYDROCARBURE ALIPHATIQUE C5<\/h4>\n<p>Ce sont des r\u00e9sines thermoplastiques obtenues \u00e0 partir de la polym\u00e9risation d&#8217;une charge de p\u00e9trole aliphatique insatur\u00e9 et caract\u00e9ris\u00e9es par une compatibilit\u00e9 avec divers polym\u00e8res et \u00e9lastom\u00e8res. Les r\u00e9sines C5 offrent une excellente affinit\u00e9 avec une large gamme de produits de remplissage, un excellent \u00e9quilibre entre adh\u00e9rence, propri\u00e9t\u00e9s de coh\u00e9sion, et une excellente r\u00e9sistance \u00e0 la chaleur. Elles sont principalement utilis\u00e9es dans la fabrication de peintures thermoplastiques, des adh\u00e9sifs thermofusibles et des adh\u00e9sifs sensibles \u00e0 pression.<\/p>\n<h4>R\u00c9SINES DCPD HYDROG\u00c9N\u00c9ES<\/h4>\n<p>Les r\u00e9sines DCPD hydrog\u00e9n\u00e9es sont des r\u00e9sines thermoplastiques blanche claires obtenues \u00e0 partir de la polym\u00e9risation et de l&#8217;hydrog\u00e9nation d&#8217;ingr\u00e9dients cycliques d\u00e9riv\u00e9s de monom\u00e8res. Caract\u00e9ris\u00e9s par leur couleur claire, leur faible odeur, leur grande compatibilit\u00e9 et leur solubilit\u00e9, elles sont un excellent choix pour les adh\u00e9sifs thermofusibles EVA\/APAO (\u00e9thyl\u00e8ne-ac\u00e9tate de vinyle\/ poly-alpha-ol\u00e9fines amorphes), les reliures, les adh\u00e9sifs sensibles \u00e0 pression et les adh\u00e9sifs \u00e0 base de solvants.<\/p>\n<h4>R\u00c9SINES D&#8217;HYDROCARBONES CO-POLYM\u00c8RE C5 \/ C9<\/h4>\n<p>Les r\u00e9sines hydrocarbon\u00e9es en copolym\u00e8re C5 et C9 comprennent des r\u00e9sines aromatiques modifi\u00e9es aliphatiques et des r\u00e9sines aliphatiques modifi\u00e9es par des aromatiques. Les r\u00e9sines aromatiques modifi\u00e9es aliphatiques sont particuli\u00e8rement appropri\u00e9es pour \u00eatre utilis\u00e9es comme agents tackifiants et r\u00e9sines modifiant la rh\u00e9ologie dans des adh\u00e9sifs thermofusibles, des adh\u00e9sifs sensibles \u00e0 la pression et des adh\u00e9sifs \u00e0 base de solvants. Ils sont compatibles avec une large gamme de r\u00e9sines et de polym\u00e8res, tels que EVA (\u00e9thyl\u00e8ne-ac\u00e9tate de vinyle), caoutchouc naturel, SIS (styr\u00e8ne-isopr\u00e8ne-styr\u00e8ne), SBS (styr\u00e8ne-butadi\u00e8ne-styr\u00e8ne) et SEBS (styr\u00e8ne-butadi\u00e8ne-styr\u00e8ne). Les r\u00e9sines aliphatiques modifi\u00e9es aromatiques am\u00e9liorent la compatibilit\u00e9 dans divers \u00e9lastom\u00e8res et peuvent fournir une adh\u00e9rence et une adh\u00e9rence sp\u00e9cifiques accrues aux applications n\u00e9cessitant des performances am\u00e9lior\u00e9es sur des surfaces \u00e0 faible \u00e9nergie. Ils sont principalement utilis\u00e9s comme r\u00e9sines collantes dans des adh\u00e9sifs sensibles \u00e0 la pression, des bandes d&#8217;emballage et des adh\u00e9sifs thermofusibles, o\u00f9 leur distribution de poids mol\u00e9culaire \u00e9troit leur permet d&#8217;\u00eatre la r\u00e9sine choisie pour \u00eatre utilis\u00e9e dans des formulations \u00e0 haute performance \u00e0 base de SIS (styr\u00e8ne-isopr\u00e8ne-styr\u00e8ne).<\/p>\n<h4>LA COLOPHANE<\/h4>\n<p>La colophane est une r\u00e9sine solide naturelle obtenue \u00e0 partir de conif\u00e8res, principalement des pins. La colophane de Grade WW (eau blanche) est stabilis\u00e9e, de faible odeur, sans cristallisation et une colophane de couleur claire qui est produite par un proc\u00e9d\u00e9 sp\u00e9cial qui am\u00e9liore efficacement ses propri\u00e9t\u00e9s de la r\u00e9sistance \u00e0 l\u2019oxydation, \u00e0 la cristallisation et de chaleur. La colophane est tr\u00e8s valide comme une r\u00e9sine tackifiante qui peut \u00eatre utilis\u00e9e pour am\u00e9liorer l\u2019adh\u00e9rence initiale et les propri\u00e9t\u00e9s \u00e0 basse temp\u00e9rature pour thermofusibles et colles solubles dans l\u2019eau. La colophane est couramment utilis\u00e9e dans les adh\u00e9sifs \u00e0 base d\u2019eau et solvants, thermofusibles, aide de soudage et d\u2019agents de nettoyage. \u00c9galement utilis\u00e9 dans les rev\u00eatements de film et les encres d\u2019imprimerie soluble dans l\u2019alcool et les peintures. Comme l\u2019\u00e9conomie exige le d\u00e9veloppement de produits provenant de ressources renouvelables pour activit\u00e9s industrielles soutenable et le d\u00e9veloppement de produits respectueux de l\u2019environnement, les produits chimiques \u00e0 base de pin comme la colophane permettra \u00e0 l\u2019industrie de pr\u00e9server les for\u00eats de pins et de r\u00e9duire leur empreinte carbone.<\/p>\n<h4>ESTERS DE COLOPHANE (GLYC\u00c9ROL &amp; PENTA\u00c9RYTHRITOL)<\/h4>\n<p>Glyc\u00e9rol et esters de colophane Penta sont jaune clair, transparent, solides en flocons, qui sont fabriqu\u00e9s \u00e0 partir de colophane par est\u00e9rification avec le glyc\u00e9rol et le penta\u00e9rythritol, respectivement. Ils pr\u00e9sentent des propri\u00e9t\u00e9s de viscosit\u00e9 \u00e9lev\u00e9e, faible teneur en COV, excellente stabilit\u00e9 de chaleur et de vieillissement, et compatibilit\u00e9 excellente avec polym\u00e8re. Les utilisations typiques incluent EVA (\u00e9thyl\u00e8ne-ac\u00e9tate de vinyle), SBS (\u00e9thyl\u00e8ne-ac\u00e9tate de vinyle), SIS (styr\u00e8ne-isopr\u00e8ne-styr\u00e8ne) et autres collants thermofusibles en raison de leur stabilit\u00e9 et leur compatibilit\u00e9 excellente avec polym\u00e8re. Ils trouvent aussi une utilisation dans les adh\u00e9sifs de construction, de m\u00e9lange du caoutchouc, mastics, enduits et autres applications. Ils sont tr\u00e8s compatibles avec des polym\u00e8res d\u2019ac\u00e9tate de vinyle (EVA), styr\u00e8ne-isopr\u00e8ne-styr\u00e8ne (SIS), styr\u00e8ne-butadi\u00e8ne-styr\u00e8ne (SBS), \u00e9thyl\u00e8ne l\u2019acrylate d\u2019\u00e9thyle, SBR, caoutchouc naturel, caoutchouc butyle, n\u00e9opr\u00e8ne, acrylique, poly\u00e9thyl\u00e8ne LMW (poids mol\u00e9culaire faible), polypropyl\u00e8ne amorphe et autres polym\u00e8res et des plastifiants phtalates et polyesters, alkydes, r\u00e9sines d\u2019hydrocarbure et terp\u00e8nes.[\/vc_column_text][\/vc_column][vc_column width=&#8221;1\/3&#8243;][vc_single_image image=&#8221;206&#8243; img_size=&#8221;full&#8221; alignment=&#8221;center&#8221; style=&#8221;vc_box_circle_2&#8243; css_animation=&#8221;bounceInRight&#8221;][vc_single_image image=&#8221;212&#8243; img_size=&#8221;full&#8221; alignment=&#8221;center&#8221; style=&#8221;vc_box_circle_2&#8243; css_animation=&#8221;bounceInRight&#8221;][vc_single_image image=&#8221;214&#8243; img_size=&#8221;full&#8221; alignment=&#8221;center&#8221; style=&#8221;vc_box_circle_2&#8243; css_animation=&#8221;bounceInRight&#8221;][\/vc_column][\/vc_row]<\/p>\n<\/div>","protected":false},"excerpt":{"rendered":"<p>[vc_row][vc_column][vc_gallery type=&#8221;carousel&#8221; images=&#8221;385,383,381,379,377,375,373,371&#8243; img_size=&#8221;300&#215;300&#8243;][\/vc_column][\/vc_row][vc_row][vc_column width=&#8221;2\/3&#8243;][vc_column_text] FORMUL\u00c9 SUR MESURE TRC propose une gamme de tackifiants liquides formul\u00e9s sur mesures sans COV. Nous formulons sur mesure de&#8230;<\/p>\n","protected":false},"author":1,"featured_media":0,"parent":0,"menu_order":0,"comment_status":"closed","ping_status":"closed","template":"","meta":{"footnotes":""},"class_list":["post-273","page","type-page","status-publish","hentry"],"yoast_head":"<!-- This site is optimized with the Yoast SEO plugin v27.3 - https:\/\/yoast.com\/product\/yoast-seo-wordpress\/ -->\n<title>Our Resin Products - The Resin Corp.<\/title>\n<meta name=\"robots\" content=\"index, follow, max-snippet:-1, max-image-preview:large, max-video-preview:-1\" \/>\n<link rel=\"canonical\" href=\"https:\/\/theresincorp.com\/fr\/our-resin-products\/\" \/>\n<meta property=\"og:locale\" content=\"fr_FR\" \/>\n<meta property=\"og:type\" content=\"article\" \/>\n<meta property=\"og:title\" content=\"Our Resin Products - The Resin Corp.\" \/>\n<meta property=\"og:description\" content=\"[vc_row][vc_column][vc_gallery type=&#8221;carousel&#8221; images=&#8221;385,383,381,379,377,375,373,371&#8243; img_size=&#8221;300&#215;300&#8243;][\/vc_column][\/vc_row][vc_row][vc_column width=&#8221;2\/3&#8243;][vc_column_text] FORMUL\u00c9 SUR MESURE TRC propose une gamme de tackifiants liquides formul\u00e9s sur mesures sans COV. Nous formulons sur mesure de...\" \/>\n<meta property=\"og:url\" content=\"https:\/\/theresincorp.com\/fr\/our-resin-products\/\" \/>\n<meta property=\"og:site_name\" content=\"The Resin Corp.\" \/>\n<meta property=\"article:modified_time\" content=\"2018-05-23T13:54:29+00:00\" \/>\n<meta name=\"twitter:card\" content=\"summary_large_image\" \/>\n<meta name=\"twitter:label1\" content=\"Dur\u00e9e de lecture estim\u00e9e\" \/>\n\t<meta name=\"twitter:data1\" content=\"5 minutes\" \/>\n<script type=\"application\/ld+json\" class=\"yoast-schema-graph\">{\"@context\":\"https:\\\/\\\/schema.org\",\"@graph\":[{\"@type\":\"WebPage\",\"@id\":\"https:\\\/\\\/theresincorp.com\\\/fr\\\/our-resin-products\\\/\",\"url\":\"https:\\\/\\\/theresincorp.com\\\/fr\\\/our-resin-products\\\/\",\"name\":\"Our Resin Products - The Resin Corp.\",\"isPartOf\":{\"@id\":\"https:\\\/\\\/theresincorp.com\\\/#website\"},\"datePublished\":\"2017-08-17T14:21:40+00:00\",\"dateModified\":\"2018-05-23T13:54:29+00:00\",\"breadcrumb\":{\"@id\":\"https:\\\/\\\/theresincorp.com\\\/fr\\\/our-resin-products\\\/#breadcrumb\"},\"inLanguage\":\"fr-FR\",\"potentialAction\":[{\"@type\":\"ReadAction\",\"target\":[\"https:\\\/\\\/theresincorp.com\\\/fr\\\/our-resin-products\\\/\"]}]},{\"@type\":\"BreadcrumbList\",\"@id\":\"https:\\\/\\\/theresincorp.com\\\/fr\\\/our-resin-products\\\/#breadcrumb\",\"itemListElement\":[{\"@type\":\"ListItem\",\"position\":1,\"name\":\"Home\",\"item\":\"https:\\\/\\\/theresincorp.com\\\/fr\\\/\"},{\"@type\":\"ListItem\",\"position\":2,\"name\":\"Our Resin Products\"}]},{\"@type\":\"WebSite\",\"@id\":\"https:\\\/\\\/theresincorp.com\\\/#website\",\"url\":\"https:\\\/\\\/theresincorp.com\\\/\",\"name\":\"The Resin Corp.\",\"description\":\"The Industrial Resins Source\",\"potentialAction\":[{\"@type\":\"SearchAction\",\"target\":{\"@type\":\"EntryPoint\",\"urlTemplate\":\"https:\\\/\\\/theresincorp.com\\\/?s={search_term_string}\"},\"query-input\":{\"@type\":\"PropertyValueSpecification\",\"valueRequired\":true,\"valueName\":\"search_term_string\"}}],\"inLanguage\":\"fr-FR\"}]}<\/script>\n<!-- \/ Yoast SEO plugin. -->","yoast_head_json":{"title":"Our Resin Products - The Resin Corp.","robots":{"index":"index","follow":"follow","max-snippet":"max-snippet:-1","max-image-preview":"max-image-preview:large","max-video-preview":"max-video-preview:-1"},"canonical":"https:\/\/theresincorp.com\/fr\/our-resin-products\/","og_locale":"fr_FR","og_type":"article","og_title":"Our Resin Products - The Resin Corp.","og_description":"[vc_row][vc_column][vc_gallery type=&#8221;carousel&#8221; images=&#8221;385,383,381,379,377,375,373,371&#8243; img_size=&#8221;300&#215;300&#8243;][\/vc_column][\/vc_row][vc_row][vc_column width=&#8221;2\/3&#8243;][vc_column_text] FORMUL\u00c9 SUR MESURE TRC propose une gamme de tackifiants liquides formul\u00e9s sur mesures sans COV. Nous formulons sur mesure de...","og_url":"https:\/\/theresincorp.com\/fr\/our-resin-products\/","og_site_name":"The Resin Corp.","article_modified_time":"2018-05-23T13:54:29+00:00","twitter_card":"summary_large_image","twitter_misc":{"Dur\u00e9e de lecture estim\u00e9e":"5 minutes"},"schema":{"@context":"https:\/\/schema.org","@graph":[{"@type":"WebPage","@id":"https:\/\/theresincorp.com\/fr\/our-resin-products\/","url":"https:\/\/theresincorp.com\/fr\/our-resin-products\/","name":"Our Resin Products - The Resin Corp.","isPartOf":{"@id":"https:\/\/theresincorp.com\/#website"},"datePublished":"2017-08-17T14:21:40+00:00","dateModified":"2018-05-23T13:54:29+00:00","breadcrumb":{"@id":"https:\/\/theresincorp.com\/fr\/our-resin-products\/#breadcrumb"},"inLanguage":"fr-FR","potentialAction":[{"@type":"ReadAction","target":["https:\/\/theresincorp.com\/fr\/our-resin-products\/"]}]},{"@type":"BreadcrumbList","@id":"https:\/\/theresincorp.com\/fr\/our-resin-products\/#breadcrumb","itemListElement":[{"@type":"ListItem","position":1,"name":"Home","item":"https:\/\/theresincorp.com\/fr\/"},{"@type":"ListItem","position":2,"name":"Our Resin Products"}]},{"@type":"WebSite","@id":"https:\/\/theresincorp.com\/#website","url":"https:\/\/theresincorp.com\/","name":"The Resin Corp.","description":"The Industrial Resins Source","potentialAction":[{"@type":"SearchAction","target":{"@type":"EntryPoint","urlTemplate":"https:\/\/theresincorp.com\/?s={search_term_string}"},"query-input":{"@type":"PropertyValueSpecification","valueRequired":true,"valueName":"search_term_string"}}],"inLanguage":"fr-FR"}]}},"_links":{"self":[{"href":"https:\/\/theresincorp.com\/fr\/wp-json\/wp\/v2\/pages\/273","targetHints":{"allow":["GET"]}}],"collection":[{"href":"https:\/\/theresincorp.com\/fr\/wp-json\/wp\/v2\/pages"}],"about":[{"href":"https:\/\/theresincorp.com\/fr\/wp-json\/wp\/v2\/types\/page"}],"author":[{"embeddable":true,"href":"https:\/\/theresincorp.com\/fr\/wp-json\/wp\/v2\/users\/1"}],"replies":[{"embeddable":true,"href":"https:\/\/theresincorp.com\/fr\/wp-json\/wp\/v2\/comments?post=273"}],"version-history":[{"count":5,"href":"https:\/\/theresincorp.com\/fr\/wp-json\/wp\/v2\/pages\/273\/revisions"}],"predecessor-version":[{"id":387,"href":"https:\/\/theresincorp.com\/fr\/wp-json\/wp\/v2\/pages\/273\/revisions\/387"}],"wp:attachment":[{"href":"https:\/\/theresincorp.com\/fr\/wp-json\/wp\/v2\/media?parent=273"}],"curies":[{"name":"wp","href":"https:\/\/api.w.org\/{rel}","templated":true}]}}