{"id":277,"date":"2017-08-17T14:23:04","date_gmt":"2017-08-17T14:23:04","guid":{"rendered":"https:\/\/theresincorp.com\/about\/environmental-commitment\/"},"modified":"2017-09-20T14:23:17","modified_gmt":"2017-09-20T18:23:17","slug":"environmental-commitment","status":"publish","type":"page","link":"https:\/\/theresincorp.com\/fr\/about\/environmental-commitment\/","title":{"rendered":"Engagement Environnemental"},"content":{"rendered":"<div class=\"wpb-content-wrapper\"><p>[vc_row][vc_column width=&#8221;2\/3&#8243;][vc_column_text]<\/p>\n<h2>Notre Engagement Environnemental<\/h2>\n<p>TRC s&#8217;engage \u00e0 prot\u00e9ger l&#8217;environnement en g\u00e9n\u00e9rant moins de d\u00e9chets et en r\u00e9duisant les \u00e9missions polluantes. Parce que l&#8217;effet de nos produits et proc\u00e9d\u00e9s sur l&#8217;environnement nous pr\u00e9occupe beaucoup, nous avons int\u00e9gr\u00e9 des contr\u00f4les techniques de pr\u00e9vention de la pollution dans notre technologie de fabrication et nos installations qui r\u00e9duiront efficacement l&#8217;impact potentiel des rejets sur l&#8217;environnement et sur la sant\u00e9 et la s\u00e9curit\u00e9 de nos employ\u00e9s et de la communaut\u00e9 en g\u00e9n\u00e9ral. Nous nous sommes \u00e9galement engag\u00e9s \u00e0 accro\u00eetre notre utilisation de produits de r\u00e9sine de mati\u00e8res premi\u00e8res d\u00e9riv\u00e9s de for\u00eats hautement renouvelables et durables.<\/p>\n<p>[\/vc_column_text][\/vc_column][vc_column width=&#8221;1\/3&#8243;][vc_single_image image=&#8221;162&#8243; img_size=&#8221;large&#8221; style=&#8221;vc_box_circle_2&#8243; css_animation=&#8221;bounceInDown&#8221;][\/vc_column][\/vc_row]<\/p>\n<\/div>","protected":false},"excerpt":{"rendered":"<p>[vc_row][vc_column width=&#8221;2\/3&#8243;][vc_column_text] Notre Engagement Environnemental TRC s&#8217;engage \u00e0 prot\u00e9ger l&#8217;environnement en g\u00e9n\u00e9rant moins de d\u00e9chets et en r\u00e9duisant les \u00e9missions polluantes. Parce que l&#8217;effet de&#8230;<\/p>\n","protected":false},"author":1,"featured_media":0,"parent":245,"menu_order":0,"comment_status":"closed","ping_status":"closed","template":"","meta":{"footnotes":""},"class_list":["post-277","page","type-page","status-publish","hentry"],"yoast_head":"<!-- This site is optimized with the Yoast SEO plugin v27.3 - https:\/\/yoast.com\/product\/yoast-seo-wordpress\/ -->\n<title>Engagement Environnemental - The Resin Corp.<\/title>\n<meta name=\"robots\" content=\"index, follow, max-snippet:-1, max-image-preview:large, max-video-preview:-1\" \/>\n<link rel=\"canonical\" href=\"https:\/\/theresincorp.com\/fr\/about\/environmental-commitment\/\" \/>\n<meta property=\"og:locale\" content=\"fr_FR\" \/>\n<meta property=\"og:type\" content=\"article\" \/>\n<meta property=\"og:title\" content=\"Engagement Environnemental - The Resin Corp.\" \/>\n<meta property=\"og:description\" content=\"[vc_row][vc_column width=&#8221;2\/3&#8243;][vc_column_text] Notre Engagement Environnemental TRC s&#8217;engage \u00e0 prot\u00e9ger l&#8217;environnement en g\u00e9n\u00e9rant moins de d\u00e9chets et en r\u00e9duisant les \u00e9missions polluantes. Parce que l&#8217;effet de...\" \/>\n<meta property=\"og:url\" content=\"https:\/\/theresincorp.com\/fr\/about\/environmental-commitment\/\" \/>\n<meta property=\"og:site_name\" content=\"The Resin Corp.\" \/>\n<meta property=\"article:modified_time\" content=\"2017-09-20T18:23:17+00:00\" \/>\n<meta name=\"twitter:card\" content=\"summary_large_image\" \/>\n<meta name=\"twitter:label1\" content=\"Dur\u00e9e de lecture estim\u00e9e\" \/>\n\t<meta name=\"twitter:data1\" content=\"1 minute\" \/>\n<script type=\"application\/ld+json\" class=\"yoast-schema-graph\">{\"@context\":\"https:\\\/\\\/schema.org\",\"@graph\":[{\"@type\":\"WebPage\",\"@id\":\"https:\\\/\\\/theresincorp.com\\\/fr\\\/about\\\/environmental-commitment\\\/\",\"url\":\"https:\\\/\\\/theresincorp.com\\\/fr\\\/about\\\/environmental-commitment\\\/\",\"name\":\"Engagement Environnemental - The Resin Corp.\",\"isPartOf\":{\"@id\":\"https:\\\/\\\/theresincorp.com\\\/#website\"},\"datePublished\":\"2017-08-17T14:23:04+00:00\",\"dateModified\":\"2017-09-20T18:23:17+00:00\",\"breadcrumb\":{\"@id\":\"https:\\\/\\\/theresincorp.com\\\/fr\\\/about\\\/environmental-commitment\\\/#breadcrumb\"},\"inLanguage\":\"fr-FR\",\"potentialAction\":[{\"@type\":\"ReadAction\",\"target\":[\"https:\\\/\\\/theresincorp.com\\\/fr\\\/about\\\/environmental-commitment\\\/\"]}]},{\"@type\":\"BreadcrumbList\",\"@id\":\"https:\\\/\\\/theresincorp.com\\\/fr\\\/about\\\/environmental-commitment\\\/#breadcrumb\",\"itemListElement\":[{\"@type\":\"ListItem\",\"position\":1,\"name\":\"Home\",\"item\":\"https:\\\/\\\/theresincorp.com\\\/fr\\\/\"},{\"@type\":\"ListItem\",\"position\":2,\"name\":\"\u00c0 propos de nous\",\"item\":\"https:\\\/\\\/theresincorp.com\\\/fr\\\/about\\\/\"},{\"@type\":\"ListItem\",\"position\":3,\"name\":\"Engagement Environnemental\"}]},{\"@type\":\"WebSite\",\"@id\":\"https:\\\/\\\/theresincorp.com\\\/#website\",\"url\":\"https:\\\/\\\/theresincorp.com\\\/\",\"name\":\"The Resin Corp.\",\"description\":\"The Industrial Resins Source\",\"potentialAction\":[{\"@type\":\"SearchAction\",\"target\":{\"@type\":\"EntryPoint\",\"urlTemplate\":\"https:\\\/\\\/theresincorp.com\\\/?s={search_term_string}\"},\"query-input\":{\"@type\":\"PropertyValueSpecification\",\"valueRequired\":true,\"valueName\":\"search_term_string\"}}],\"inLanguage\":\"fr-FR\"}]}<\/script>\n<!-- \/ Yoast SEO plugin. -->","yoast_head_json":{"title":"Engagement Environnemental - The Resin Corp.","robots":{"index":"index","follow":"follow","max-snippet":"max-snippet:-1","max-image-preview":"max-image-preview:large","max-video-preview":"max-video-preview:-1"},"canonical":"https:\/\/theresincorp.com\/fr\/about\/environmental-commitment\/","og_locale":"fr_FR","og_type":"article","og_title":"Engagement Environnemental - The Resin Corp.","og_description":"[vc_row][vc_column width=&#8221;2\/3&#8243;][vc_column_text] Notre Engagement Environnemental TRC s&#8217;engage \u00e0 prot\u00e9ger l&#8217;environnement en g\u00e9n\u00e9rant moins de d\u00e9chets et en r\u00e9duisant les \u00e9missions polluantes. Parce que l&#8217;effet de...","og_url":"https:\/\/theresincorp.com\/fr\/about\/environmental-commitment\/","og_site_name":"The Resin Corp.","article_modified_time":"2017-09-20T18:23:17+00:00","twitter_card":"summary_large_image","twitter_misc":{"Dur\u00e9e de lecture estim\u00e9e":"1 minute"},"schema":{"@context":"https:\/\/schema.org","@graph":[{"@type":"WebPage","@id":"https:\/\/theresincorp.com\/fr\/about\/environmental-commitment\/","url":"https:\/\/theresincorp.com\/fr\/about\/environmental-commitment\/","name":"Engagement Environnemental - The Resin Corp.","isPartOf":{"@id":"https:\/\/theresincorp.com\/#website"},"datePublished":"2017-08-17T14:23:04+00:00","dateModified":"2017-09-20T18:23:17+00:00","breadcrumb":{"@id":"https:\/\/theresincorp.com\/fr\/about\/environmental-commitment\/#breadcrumb"},"inLanguage":"fr-FR","potentialAction":[{"@type":"ReadAction","target":["https:\/\/theresincorp.com\/fr\/about\/environmental-commitment\/"]}]},{"@type":"BreadcrumbList","@id":"https:\/\/theresincorp.com\/fr\/about\/environmental-commitment\/#breadcrumb","itemListElement":[{"@type":"ListItem","position":1,"name":"Home","item":"https:\/\/theresincorp.com\/fr\/"},{"@type":"ListItem","position":2,"name":"\u00c0 propos de nous","item":"https:\/\/theresincorp.com\/fr\/about\/"},{"@type":"ListItem","position":3,"name":"Engagement Environnemental"}]},{"@type":"WebSite","@id":"https:\/\/theresincorp.com\/#website","url":"https:\/\/theresincorp.com\/","name":"The Resin Corp.","description":"The Industrial Resins Source","potentialAction":[{"@type":"SearchAction","target":{"@type":"EntryPoint","urlTemplate":"https:\/\/theresincorp.com\/?s={search_term_string}"},"query-input":{"@type":"PropertyValueSpecification","valueRequired":true,"valueName":"search_term_string"}}],"inLanguage":"fr-FR"}]}},"_links":{"self":[{"href":"https:\/\/theresincorp.com\/fr\/wp-json\/wp\/v2\/pages\/277","targetHints":{"allow":["GET"]}}],"collection":[{"href":"https:\/\/theresincorp.com\/fr\/wp-json\/wp\/v2\/pages"}],"about":[{"href":"https:\/\/theresincorp.com\/fr\/wp-json\/wp\/v2\/types\/page"}],"author":[{"embeddable":true,"href":"https:\/\/theresincorp.com\/fr\/wp-json\/wp\/v2\/users\/1"}],"replies":[{"embeddable":true,"href":"https:\/\/theresincorp.com\/fr\/wp-json\/wp\/v2\/comments?post=277"}],"version-history":[{"count":0,"href":"https:\/\/theresincorp.com\/fr\/wp-json\/wp\/v2\/pages\/277\/revisions"}],"up":[{"embeddable":true,"href":"https:\/\/theresincorp.com\/fr\/wp-json\/wp\/v2\/pages\/245"}],"wp:attachment":[{"href":"https:\/\/theresincorp.com\/fr\/wp-json\/wp\/v2\/media?parent=277"}],"curies":[{"name":"wp","href":"https:\/\/api.w.org\/{rel}","templated":true}]}}