{"id":281,"date":"2017-08-17T14:21:18","date_gmt":"2017-08-17T14:21:18","guid":{"rendered":"https:\/\/theresincorp.com\/the-resin-corp-supplier-of-resins-canada\/"},"modified":"2017-09-20T14:49:29","modified_gmt":"2017-09-20T18:49:29","slug":"the-resin-corp-supplier-of-resins-canada","status":"publish","type":"page","link":"https:\/\/theresincorp.com\/fr\/","title":{"rendered":"The Resin Corp | Supplier of Resins Canada"},"content":{"rendered":"<div class=\"wpb-content-wrapper\"><p>[vc_row css=&#8221;.vc_custom_1502984475705{border-radius: 2px !important;}&#8221;][vc_column css=&#8221;.vc_custom_1502987155337{margin-top: 35px !important;border-radius: 3px !important;}&#8221;]<div id=\"ultimate-heading-872969e0405d899e1\" class=\"uvc-heading ult-adjust-bottom-margin ultimate-heading-872969e0405d899e1 uvc-6294 \" data-hspacer=\"no_spacer\"  data-halign=\"center\" style=\"text-align:center\"><div class=\"uvc-heading-spacer no_spacer\" style=\"top\"><\/div><div class=\"uvc-main-heading ult-responsive\"  data-ultimate-target='.uvc-heading.ultimate-heading-872969e0405d899e1 h2'  data-responsive-json-new='{\"font-size\":\"\",\"line-height\":\"desktop:30px;\"}' ><h2 style=\"font-weight:normal;margin-bottom:25px;\">\u00c0 propos de la corporation de r\u00e9sine<\/h2><\/div><\/div>[vc_column_text]<br \/>\nTRC a \u00e9t\u00e9 reconnu comme un fournisseur fiable de r\u00e9sines tackifiantes \u00e0 haute performance, fournissant \u00e0 nos clients satisfaction et valeur ajout\u00e9e \u00e0 leurs produits finis. TRC distribue des produits de r\u00e9sine partout en Am\u00e9rique du Nord.<br \/>\n[\/vc_column_text][vc_separator][\/vc_column][\/vc_row][vc_row][vc_column css_animation=&#8221;bounceInLeft&#8221; width=&#8221;1\/2&#8243; css=&#8221;.vc_custom_1505424414986{background-image: url(https:\/\/theresincorp.com\/wp-content\/uploads\/2017\/08\/3-products.jpg?id=220) !important;background-position: center !important;background-repeat: no-repeat !important;background-size: cover !important;}&#8221;]<div id=\"ultimate-heading-698369e0405d89a9e\" class=\"uvc-heading ult-adjust-bottom-margin ultimate-heading-698369e0405d89a9e uvc-9120 \" data-hspacer=\"no_spacer\"  data-halign=\"center\" style=\"text-align:center\"><div class=\"uvc-heading-spacer no_spacer\" style=\"top\"><\/div><div class=\"uvc-main-heading ult-responsive\"  data-ultimate-target='.uvc-heading.ultimate-heading-698369e0405d89a9e h2'  data-responsive-json-new='{\"font-size\":\"\",\"line-height\":\"\"}' ><h2 style=\"font-weight:bold;color:#ffffff;margin-bottom:20px;\">R\u00e9sines Tackifiantes<\/h2><\/div><\/div>[vc_column_text]<\/p>\n<h4 style=\"text-align: center;\"><span style=\"color: #ffffff;\">Nos Produits<\/span><\/h4>\n<p style=\"text-align: center;\"><span style=\"color: #ffffff;\">TRC fournit des r\u00e9sines de haute performance et tackifiants pour des utilisations industrielles et commerciales. Consultez la liste compl\u00e8te des produits.<\/span><\/p>\n<p>[\/vc_column_text][vc_btn title=&#8221;Voir les produits&#8221; style=&#8221;custom&#8221; custom_background=&#8221;#e7d200&#8243; custom_text=&#8221;#ffffff&#8221; align=&#8221;center&#8221; link=&#8221;url:https%3A%2F%2Ftheresincorp.com%2Ffr%2Four-resin-products%2F|&#8221; css=&#8221;.vc_custom_1502987225516{padding-bottom: 25px !important;}&#8221;][\/vc_column][vc_column css_animation=&#8221;bounceInRight&#8221; width=&#8221;1\/2&#8243; css=&#8221;.vc_custom_1504803835331{background-color: #007725 !important;background-position: center !important;background-repeat: no-repeat !important;background-size: cover !important;}&#8221;]<div id=\"ultimate-heading-967069e0405d89b16\" class=\"uvc-heading ult-adjust-bottom-margin ultimate-heading-967069e0405d89b16 uvc-2734 \" data-hspacer=\"no_spacer\"  data-halign=\"center\" style=\"text-align:center\"><div class=\"uvc-heading-spacer no_spacer\" style=\"top\"><\/div><div class=\"uvc-main-heading ult-responsive\"  data-ultimate-target='.uvc-heading.ultimate-heading-967069e0405d89b16 h2'  data-responsive-json-new='{\"font-size\":\"\",\"line-height\":\"\"}' ><h2 style=\"font-weight:bold;color:#ffffff;margin-bottom:20px;\">Solutions pour l\u2019industrie<\/h2><\/div><\/div>[vc_column_text]<\/p>\n<h4 style=\"text-align: center;\"><span style=\"color: #ffffff;\">Industries Desservies<\/span><\/h4>\n<p style=\"text-align: center;\"><span style=\"color: #ffffff;\">TRC fournit des r\u00e9sines et tackifiants pour plusieurs applications industrielles vari\u00e9es. D\u00e9couvrez les applications industrielles.<\/span><\/p>\n<p>[\/vc_column_text][vc_btn title=&#8221;Voir les applications&#8221; style=&#8221;outline&#8221; color=&#8221;white&#8221; align=&#8221;center&#8221; link=&#8221;url:https%3A%2F%2Ftheresincorp.com%2Ffr%2Findustries%2F|&#8221; css=&#8221;.vc_custom_1502987241643{padding-bottom: 25px !important;}&#8221;][\/vc_column][\/vc_row]<\/p>\n<\/div>","protected":false},"excerpt":{"rendered":"<p>[vc_row css=&#8221;.vc_custom_1502984475705{border-radius: 2px !important;}&#8221;][vc_column css=&#8221;.vc_custom_1502987155337{margin-top: 35px !important;border-radius: 3px !important;}&#8221;][vc_column_text] TRC a \u00e9t\u00e9 reconnu comme un fournisseur fiable de r\u00e9sines tackifiantes \u00e0 haute performance, fournissant \u00e0&#8230;<\/p>\n","protected":false},"author":1,"featured_media":0,"parent":0,"menu_order":0,"comment_status":"closed","ping_status":"closed","template":"","meta":{"footnotes":""},"class_list":["post-281","page","type-page","status-publish","hentry"],"yoast_head":"<!-- This site is optimized with the Yoast SEO plugin v27.3 - https:\/\/yoast.com\/product\/yoast-seo-wordpress\/ -->\n<title>The Resin Corp | Supplier of Resins Canada - The Resin Corp.<\/title>\n<meta name=\"robots\" content=\"index, follow, max-snippet:-1, max-image-preview:large, max-video-preview:-1\" \/>\n<link rel=\"canonical\" href=\"https:\/\/theresincorp.com\/fr\/\" \/>\n<meta property=\"og:locale\" content=\"fr_FR\" \/>\n<meta property=\"og:type\" content=\"article\" \/>\n<meta property=\"og:title\" content=\"The Resin Corp | Supplier of Resins Canada - The Resin Corp.\" \/>\n<meta property=\"og:description\" content=\"[vc_row css=&#8221;.vc_custom_1502984475705{border-radius: 2px !important;}&#8221;][vc_column css=&#8221;.vc_custom_1502987155337{margin-top: 35px !important;border-radius: 3px !important;}&#8221;][vc_column_text] TRC a \u00e9t\u00e9 reconnu comme un fournisseur fiable de r\u00e9sines tackifiantes \u00e0 haute performance, fournissant \u00e0...\" \/>\n<meta property=\"og:url\" content=\"https:\/\/theresincorp.com\/fr\/\" \/>\n<meta property=\"og:site_name\" content=\"The Resin Corp.\" \/>\n<meta property=\"article:modified_time\" content=\"2017-09-20T18:49:29+00:00\" \/>\n<meta name=\"twitter:card\" content=\"summary_large_image\" \/>\n<meta name=\"twitter:label1\" content=\"Dur\u00e9e de lecture estim\u00e9e\" \/>\n\t<meta name=\"twitter:data1\" content=\"2 minutes\" \/>\n<script type=\"application\/ld+json\" class=\"yoast-schema-graph\">{\"@context\":\"https:\\\/\\\/schema.org\",\"@graph\":[{\"@type\":\"WebPage\",\"@id\":\"https:\\\/\\\/theresincorp.com\\\/fr\\\/\",\"url\":\"https:\\\/\\\/theresincorp.com\\\/fr\\\/\",\"name\":\"The Resin Corp | Supplier of Resins Canada - The Resin Corp.\",\"isPartOf\":{\"@id\":\"https:\\\/\\\/theresincorp.com\\\/#website\"},\"datePublished\":\"2017-08-17T14:21:18+00:00\",\"dateModified\":\"2017-09-20T18:49:29+00:00\",\"breadcrumb\":{\"@id\":\"https:\\\/\\\/theresincorp.com\\\/fr\\\/#breadcrumb\"},\"inLanguage\":\"fr-FR\",\"potentialAction\":[{\"@type\":\"ReadAction\",\"target\":[\"https:\\\/\\\/theresincorp.com\\\/fr\\\/\"]}]},{\"@type\":\"BreadcrumbList\",\"@id\":\"https:\\\/\\\/theresincorp.com\\\/fr\\\/#breadcrumb\",\"itemListElement\":[{\"@type\":\"ListItem\",\"position\":1,\"name\":\"Home\",\"item\":\"https:\\\/\\\/theresincorp.com\\\/fr\\\/\"},{\"@type\":\"ListItem\",\"position\":2,\"name\":\"The Resin Corp | Supplier of Resins Canada\"}]},{\"@type\":\"WebSite\",\"@id\":\"https:\\\/\\\/theresincorp.com\\\/#website\",\"url\":\"https:\\\/\\\/theresincorp.com\\\/\",\"name\":\"The Resin Corp.\",\"description\":\"The Industrial Resins Source\",\"potentialAction\":[{\"@type\":\"SearchAction\",\"target\":{\"@type\":\"EntryPoint\",\"urlTemplate\":\"https:\\\/\\\/theresincorp.com\\\/?s={search_term_string}\"},\"query-input\":{\"@type\":\"PropertyValueSpecification\",\"valueRequired\":true,\"valueName\":\"search_term_string\"}}],\"inLanguage\":\"fr-FR\"}]}<\/script>\n<!-- \/ Yoast SEO plugin. -->","yoast_head_json":{"title":"The Resin Corp | Supplier of Resins Canada - The Resin Corp.","robots":{"index":"index","follow":"follow","max-snippet":"max-snippet:-1","max-image-preview":"max-image-preview:large","max-video-preview":"max-video-preview:-1"},"canonical":"https:\/\/theresincorp.com\/fr\/","og_locale":"fr_FR","og_type":"article","og_title":"The Resin Corp | Supplier of Resins Canada - The Resin Corp.","og_description":"[vc_row css=&#8221;.vc_custom_1502984475705{border-radius: 2px !important;}&#8221;][vc_column css=&#8221;.vc_custom_1502987155337{margin-top: 35px !important;border-radius: 3px !important;}&#8221;][vc_column_text] TRC a \u00e9t\u00e9 reconnu comme un fournisseur fiable de r\u00e9sines tackifiantes \u00e0 haute performance, fournissant \u00e0...","og_url":"https:\/\/theresincorp.com\/fr\/","og_site_name":"The Resin Corp.","article_modified_time":"2017-09-20T18:49:29+00:00","twitter_card":"summary_large_image","twitter_misc":{"Dur\u00e9e de lecture estim\u00e9e":"2 minutes"},"schema":{"@context":"https:\/\/schema.org","@graph":[{"@type":"WebPage","@id":"https:\/\/theresincorp.com\/fr\/","url":"https:\/\/theresincorp.com\/fr\/","name":"The Resin Corp | Supplier of Resins Canada - The Resin Corp.","isPartOf":{"@id":"https:\/\/theresincorp.com\/#website"},"datePublished":"2017-08-17T14:21:18+00:00","dateModified":"2017-09-20T18:49:29+00:00","breadcrumb":{"@id":"https:\/\/theresincorp.com\/fr\/#breadcrumb"},"inLanguage":"fr-FR","potentialAction":[{"@type":"ReadAction","target":["https:\/\/theresincorp.com\/fr\/"]}]},{"@type":"BreadcrumbList","@id":"https:\/\/theresincorp.com\/fr\/#breadcrumb","itemListElement":[{"@type":"ListItem","position":1,"name":"Home","item":"https:\/\/theresincorp.com\/fr\/"},{"@type":"ListItem","position":2,"name":"The Resin Corp | Supplier of Resins Canada"}]},{"@type":"WebSite","@id":"https:\/\/theresincorp.com\/#website","url":"https:\/\/theresincorp.com\/","name":"The Resin Corp.","description":"The Industrial Resins Source","potentialAction":[{"@type":"SearchAction","target":{"@type":"EntryPoint","urlTemplate":"https:\/\/theresincorp.com\/?s={search_term_string}"},"query-input":{"@type":"PropertyValueSpecification","valueRequired":true,"valueName":"search_term_string"}}],"inLanguage":"fr-FR"}]}},"_links":{"self":[{"href":"https:\/\/theresincorp.com\/fr\/wp-json\/wp\/v2\/pages\/281","targetHints":{"allow":["GET"]}}],"collection":[{"href":"https:\/\/theresincorp.com\/fr\/wp-json\/wp\/v2\/pages"}],"about":[{"href":"https:\/\/theresincorp.com\/fr\/wp-json\/wp\/v2\/types\/page"}],"author":[{"embeddable":true,"href":"https:\/\/theresincorp.com\/fr\/wp-json\/wp\/v2\/users\/1"}],"replies":[{"embeddable":true,"href":"https:\/\/theresincorp.com\/fr\/wp-json\/wp\/v2\/comments?post=281"}],"version-history":[{"count":0,"href":"https:\/\/theresincorp.com\/fr\/wp-json\/wp\/v2\/pages\/281\/revisions"}],"wp:attachment":[{"href":"https:\/\/theresincorp.com\/fr\/wp-json\/wp\/v2\/media?parent=281"}],"curies":[{"name":"wp","href":"https:\/\/api.w.org\/{rel}","templated":true}]}}